{"id":75,"date":"2021-12-19T13:09:24","date_gmt":"2021-12-19T13:09:24","guid":{"rendered":"https:\/\/imregionalsas.com.co\/es\/?page_id=75"},"modified":"2025-01-02T19:01:14","modified_gmt":"2025-01-02T19:01:14","slug":"im-suministros","status":"publish","type":"page","link":"https:\/\/imregionalsas.com.co\/es\/servicios\/im-suministros\/","title":{"rendered":"IM Suministros"},"content":{"rendered":"<!--themify_builder_content-->\n<div id=\"themify_builder_content-75\" data-postid=\"75\" class=\"themify_builder_content themify_builder_content-75 themify_builder tf_clear\">\n    \t<!-- module_row -->\n\t<div  data-lazy=\"1\" class=\"module_row themify_builder_row tb_flsy410 tb_first clearfix\">\n\t    \t\t<div class=\"row_inner col_align_top tf_box tf_w tf_rel\">\n\t\t\t<div  data-lazy=\"1\" class=\"module_column tb-column col-full first tb_hc1t411 tf_box\">\n\t    \t    \t        <div class=\"tb-column-inner tf_box tf_w\">\n\t\t    <!-- module divider -->\n<div  class=\"module tf_mw module-divider tb_1s2e134 solid    hover-wow wow\" data-tf-animation_hover=\"flash\" data-tf-animation=\"bounceInDown\" style=\"border-width: 10px;border-color: #000;margin-top: 25px;\" data-lazy=\"1\">\n        <\/div>\n<!-- \/module divider -->\n\t<div  data-lazy=\"1\" class=\"module_subrow themify_builder_sub_row tb_56bq999 tf_w clearfix\">\n\t    \t\t<div class=\"subrow_inner col_align_top tf_box tf_w\">\n\t\t\t<div  data-lazy=\"1\" class=\"sub_column module_column tf_box col2-1 first tb_7d5c0\"> \n\t    \t    \t        <div class=\"tb-column-inner tf_box tf_w\">\n\t\t    <!-- module image -->\n<div  class=\"module module-image tb_1265327   image-top tf_mw hover-wow wow\" data-tf-animation_hover=\"pulse\" data-tf-animation=\"bounceInLeft\" data-lazy=\"1\">\n            <div class=\"image-wrap tf_rel tf_mw\">\n\t\t    <img loading=\"lazy\" width=\"595\" height=\"448\" src=\"https:\/\/imregionalsas.com.co\/es\/wp-content\/uploads\/2022\/02\/IM-CDMEXPRESS.jpg\" class=\"wp-post-image wp-image-1682\" title=\"IM-CDMEXPRESS\" alt=\"IM-CDMEXPRESS\" srcset=\"https:\/\/imregionalsas.com.co\/es\/wp-content\/uploads\/2022\/02\/IM-CDMEXPRESS.jpg 595w, https:\/\/imregionalsas.com.co\/es\/wp-content\/uploads\/2022\/02\/IM-CDMEXPRESS-300x226.jpg 300w\" sizes=\"(max-width: 595px) 100vw, 595px\" \/>\t\n\t\t<\/div>\n\t<!-- \/image-wrap -->\n    \n    \n<\/div>\n<!-- \/module image -->\t        <\/div>\n\t    \t<\/div>\n\t\t<div  data-lazy=\"1\" class=\"sub_column module_column tf_box col2-1 last tb_1nh40\"> \n\t    \t    \t        <div class=\"tb-column-inner tf_box tf_w\">\n\t\t    <!-- module text -->\n<div  class=\"module module-text tb_xduw829    wow\" data-tf-animation=\"bounceInRight\" data-lazy=\"1\">\n                <h3 class=\"module-title\">IM Suministros<\/h3>        <div  class=\"tb_text_wrap\">\n    <p>Venta Y Alquiler De Equipos \/ Accesorios \/ Repuestos \/ Insumos en las \u00c1reas De:<\/p>    <\/div>\n<\/div>\n<!-- \/module text --><!-- module accordion -->\n<div  class=\"module module-accordion tb_7n0t577 \" data-behavior=\"toggle\" data-lazy=\"1\">\n        \n    <ul class=\"ui module-accordion separate glossy tb_default_color\">\n\t\t    <li>\n\t\t\t<div class=\"accordion-title tf_rel\">\n\t\t\t\t<a href=\"#acc-7n0t577-0\" aria-controls=\"acc-7n0t577-0\" aria-expanded=\"false\">\n\t\t\t\t<i class=\"accordion-icon\"><svg class=\"tf_fa tf-fas-chevron-right\"><use href=\"#tf-fas-chevron-right\"><\/use><\/svg><\/i>\t\t\t\t<i class=\"accordion-active-icon tf_hide\"><svg class=\"tf_fa tf-fas-chevron-left\"><use href=\"#tf-fas-chevron-left\"><\/use><\/svg><\/i>\t\t\t\t<span class=\"tb_title_accordion tf_w\">Mec\u00e1nica Rotativa Y Est\u00e1tica.<\/span>\n\t\t\t\t<\/a>\n\t\t\t<\/div><!-- .accordion-title -->\n\n\t\t\t<div data-id=\"acc-7n0t577-0\" aria-hidden=\"true\" class=\"accordion-content tf_hide\">\n\n\t\t\t\t\t\t\t\t\t<div\n\t\t\t\t\t\tclass=\"tb_text_wrap\"\n\t\t\t\t\t\t\t\t\t\t\t>\n\t\t\t\t\t\t<ul><li>Rodamientos.<\/li><li>Sellos mec\u00e1nicos.<\/li><li>Aceites y Grasas Lubricantes.<\/li><li>Empaques.<\/li><li>Kit de o-rings.<\/li><li>Retenedores.<\/li><\/ul>\t\t\t\t\t<\/div>\n\t\t\t\t\n\t\t\t<\/div><!-- .accordion-content -->\n\t    <\/li>\n\t\t    <li>\n\t\t\t<div class=\"accordion-title tf_rel\">\n\t\t\t\t<a href=\"#acc-7n0t577-1\" aria-controls=\"acc-7n0t577-1\" aria-expanded=\"false\">\n\t\t\t\t<i class=\"accordion-icon\"><svg class=\"tf_fa tf-fas-chevron-right\"><use href=\"#tf-fas-chevron-right\"><\/use><\/svg><\/i>\t\t\t\t<i class=\"accordion-active-icon tf_hide\"><svg class=\"tf_fa tf-fas-chevron-left\"><use href=\"#tf-fas-chevron-left\"><\/use><\/svg><\/i>\t\t\t\t<span class=\"tb_title_accordion tf_w\">El\u00e9ctrica.<\/span>\n\t\t\t\t<\/a>\n\t\t\t<\/div><!-- .accordion-title -->\n\n\t\t\t<div data-id=\"acc-7n0t577-1\" aria-hidden=\"true\" class=\"accordion-content tf_hide\">\n\n\t\t\t\t\t\t\t\t\t<div\n\t\t\t\t\t\tclass=\"tb_text_wrap\"\n\t\t\t\t\t\t\t\t\t\t\t>\n\t\t\t\t\t\t<ul><li>Elementos y componentes el\u00e9ctricos.<\/li><\/ul>\t\t\t\t\t<\/div>\n\t\t\t\t\n\t\t\t<\/div><!-- .accordion-content -->\n\t    <\/li>\n\t\t    <li>\n\t\t\t<div class=\"accordion-title tf_rel\">\n\t\t\t\t<a href=\"#acc-7n0t577-2\" aria-controls=\"acc-7n0t577-2\" aria-expanded=\"false\">\n\t\t\t\t<i class=\"accordion-icon\"><svg class=\"tf_fa tf-fas-chevron-right\"><use href=\"#tf-fas-chevron-right\"><\/use><\/svg><\/i>\t\t\t\t<i class=\"accordion-active-icon tf_hide\"><svg class=\"tf_fa tf-fas-chevron-left\"><use href=\"#tf-fas-chevron-left\"><\/use><\/svg><\/i>\t\t\t\t<span class=\"tb_title_accordion tf_w\">Mantenimiento en Automatizaci\u00f3n, Instrumentaci\u00f3n y Control..<\/span>\n\t\t\t\t<\/a>\n\t\t\t<\/div><!-- .accordion-title -->\n\n\t\t\t<div data-id=\"acc-7n0t577-2\" aria-hidden=\"true\" class=\"accordion-content tf_hide\">\n\n\t\t\t\t\t\t\t\t\t<div\n\t\t\t\t\t\tclass=\"tb_text_wrap\"\n\t\t\t\t\t\t\t\t\t\t\t>\n\t\t\t\t\t\t<ul><li>Elementos y componentes de medici\u00f3n.<\/li><\/ul>\t\t\t\t\t<\/div>\n\t\t\t\t\n\t\t\t<\/div><!-- .accordion-content -->\n\t    <\/li>\n\t\t    <li>\n\t\t\t<div class=\"accordion-title tf_rel\">\n\t\t\t\t<a href=\"#acc-7n0t577-3\" aria-controls=\"acc-7n0t577-3\" aria-expanded=\"false\">\n\t\t\t\t<i class=\"accordion-icon\"><svg class=\"tf_fa tf-fas-chevron-right\"><use href=\"#tf-fas-chevron-right\"><\/use><\/svg><\/i>\t\t\t\t<i class=\"accordion-active-icon tf_hide\"><svg class=\"tf_fa tf-fas-chevron-left\"><use href=\"#tf-fas-chevron-left\"><\/use><\/svg><\/i>\t\t\t\t<span class=\"tb_title_accordion tf_w\">IM Suministros<\/span>\n\t\t\t\t<\/a>\n\t\t\t<\/div><!-- .accordion-title -->\n\n\t\t\t<div data-id=\"acc-7n0t577-3\" aria-hidden=\"true\" class=\"accordion-content tf_hide\">\n\n\t\t\t\t\t\t\t\t\t<div\n\t\t\t\t\t\tclass=\"tb_text_wrap\"\n\t\t\t\t\t\t\t\t\t\t\t>\n\t\t\t\t\t\t<ul><li>SUMINISTRO DE COMPONENTES \/ REPUESTOS \/ TORNILLERIA \/ CONSUMIBLES \/ VALVULAS \/HERRAMIENTAS DE MENOR Y MAYOR.<\/li><li>SUMINISTRO DE PERSONAL MECANICO ROTATIVO E INTEGRIDAD MEC\u00c1NICA.<\/li><\/ul>\t\t\t\t\t<\/div>\n\t\t\t\t\n\t\t\t<\/div><!-- .accordion-content -->\n\t    <\/li>\n\t\t    <li>\n\t\t\t<div class=\"accordion-title tf_rel\">\n\t\t\t\t<a href=\"#acc-7n0t577-4\" aria-controls=\"acc-7n0t577-4\" aria-expanded=\"false\">\n\t\t\t\t<i class=\"accordion-icon\"><svg class=\"tf_fa tf-fas-chevron-right\"><use href=\"#tf-fas-chevron-right\"><\/use><\/svg><\/i>\t\t\t\t<i class=\"accordion-active-icon tf_hide\"><svg class=\"tf_fa tf-fas-chevron-left\"><use href=\"#tf-fas-chevron-left\"><\/use><\/svg><\/i>\t\t\t\t<span class=\"tb_title_accordion tf_w\">Store IM.<\/span>\n\t\t\t\t<\/a>\n\t\t\t<\/div><!-- .accordion-title -->\n\n\t\t\t<div data-id=\"acc-7n0t577-4\" aria-hidden=\"true\" class=\"accordion-content tf_hide\">\n\n\t\t\t\t\t\t\t\t\t<div\n\t\t\t\t\t\tclass=\"tb_text_wrap\"\n\t\t\t\t\t\t\t\t\t\t\t>\n\t\t\t\t\t\t<ul><li>Libros.<\/li><li>Cartillas.<\/li><li>Agendas.<\/li><li>Talis.<\/li><li>Gorras.<\/li><li>Chaquetas.<\/li><li>Sombrillas.<\/li><li>Reglillas.<\/li><li>Capuchones.<\/li><li>Botilitos \/ vasos.<\/li><\/ul>\t\t\t\t\t<\/div>\n\t\t\t\t\n\t\t\t<\/div><!-- .accordion-content -->\n\t    <\/li>\n\t    <\/ul>\n\n<\/div><!-- \/module accordion -->\t        <\/div>\n\t    \t<\/div>\n\t\t    <\/div>\n\t<\/div><!-- \/themify_builder_sub_row -->\n\t\t<div  data-lazy=\"1\" class=\"module_subrow themify_builder_sub_row tb_yy8z405 tf_w clearfix\">\n\t    \t\t<div class=\"subrow_inner col_align_top tf_box tf_w\">\n\t\t\t<div  data-lazy=\"1\" class=\"sub_column module_column tf_box col-full first tb_84w0405\"> \n\t    \t    \t<\/div>\n\t\t    <\/div>\n\t<\/div><!-- \/themify_builder_sub_row -->\n\t\t        <\/div>\n\t    \t<\/div>\n\t\t    <\/div>\n\t    <!-- \/row_inner -->\n\t<\/div>\n\t<!-- \/module_row -->\n\t<\/div>\n<!--\/themify_builder_content-->","protected":false},"excerpt":{"rendered":"<p>IM Suministros Venta Y Alquiler De Equipos \/ Accesorios \/ Repuestos \/ Insumos en las \u00c1reas De: Mec\u00e1nica Rotativa Y Est\u00e1tica. Rodamientos. Sellos mec\u00e1nicos. Aceites y Grasas Lubricantes. Empaques. Kit de o-rings. Retenedores. El\u00e9ctrica. Elementos y componentes el\u00e9ctricos. Mantenimiento en Automatizaci\u00f3n, Instrumentaci\u00f3n y Control.. Elementos y componentes de medici\u00f3n. IM Suministros SUMINISTRO DE COMPONENTES \/ [&hellip;]<\/p>\n","protected":false},"author":1,"featured_media":0,"parent":62,"menu_order":0,"comment_status":"closed","ping_status":"closed","template":"","meta":[],"_links":{"self":[{"href":"https:\/\/imregionalsas.com.co\/es\/wp-json\/wp\/v2\/pages\/75"}],"collection":[{"href":"https:\/\/imregionalsas.com.co\/es\/wp-json\/wp\/v2\/pages"}],"about":[{"href":"https:\/\/imregionalsas.com.co\/es\/wp-json\/wp\/v2\/types\/page"}],"author":[{"embeddable":true,"href":"https:\/\/imregionalsas.com.co\/es\/wp-json\/wp\/v2\/users\/1"}],"replies":[{"embeddable":true,"href":"https:\/\/imregionalsas.com.co\/es\/wp-json\/wp\/v2\/comments?post=75"}],"version-history":[{"count":20,"href":"https:\/\/imregionalsas.com.co\/es\/wp-json\/wp\/v2\/pages\/75\/revisions"}],"predecessor-version":[{"id":1845,"href":"https:\/\/imregionalsas.com.co\/es\/wp-json\/wp\/v2\/pages\/75\/revisions\/1845"}],"up":[{"embeddable":true,"href":"https:\/\/imregionalsas.com.co\/es\/wp-json\/wp\/v2\/pages\/62"}],"wp:attachment":[{"href":"https:\/\/imregionalsas.com.co\/es\/wp-json\/wp\/v2\/media?parent=75"}],"curies":[{"name":"wp","href":"https:\/\/api.w.org\/{rel}","templated":true}]}}