{"id":68,"date":"2021-12-19T13:06:50","date_gmt":"2021-12-19T13:06:50","guid":{"rendered":"https:\/\/imregionalsas.com.co\/es\/?page_id=68"},"modified":"2022-02-26T01:13:43","modified_gmt":"2022-02-26T01:13:43","slug":"im-mantenimiento","status":"publish","type":"page","link":"https:\/\/imregionalsas.com.co\/es\/servicios\/im-mantenimiento\/","title":{"rendered":"IM Mantenimiento"},"content":{"rendered":"<!--themify_builder_content-->\n<div id=\"themify_builder_content-68\" data-postid=\"68\" class=\"themify_builder_content themify_builder_content-68 themify_builder tf_clear\">\n    \t<!-- module_row -->\n\t<div  data-lazy=\"1\" class=\"module_row themify_builder_row tb_0apr368 tb_first clearfix\">\n\t    \t\t<div class=\"row_inner col_align_top tf_box tf_w tf_rel\">\n\t\t\t<div  data-lazy=\"1\" class=\"module_column tb-column col-full first tb_ueib370 tf_box\">\n\t    \t    \t        <div class=\"tb-column-inner tf_box tf_w\">\n\t\t    <!-- module divider -->\n<div  class=\"module tf_mw module-divider tb_eq8y478 solid    hover-wow wow\" data-tf-animation_hover=\"flash\" data-tf-animation=\"bounceInDown\" style=\"border-width: 10px;border-color: #000;margin-top: 25px;\" data-lazy=\"1\">\n        <\/div>\n<!-- \/module divider -->\n\t<div  data-lazy=\"1\" class=\"module_subrow themify_builder_sub_row tb_b6qq41 tf_w clearfix\">\n\t    \t\t<div class=\"subrow_inner col_align_top tf_box tf_w\">\n\t\t\t<div  data-lazy=\"1\" class=\"sub_column module_column tf_box col2-1 first tb_c9f442\"> \n\t    \t    \t        <div class=\"tb-column-inner tf_box tf_w\">\n\t\t    <!-- module image -->\n<div  class=\"module module-image tb_9pa3773   image-top tf_mw hover-wow wow\" data-tf-animation_hover=\"pulse\" data-tf-animation=\"bounceInLeft\" data-lazy=\"1\">\n            <div class=\"image-wrap tf_rel tf_mw\">\n\t\t    <img loading=\"lazy\" width=\"595\" height=\"448\" src=\"https:\/\/imregionalsas.com.co\/es\/wp-content\/uploads\/2022\/02\/IM-MANTENIMIENTO.jpg\" class=\"wp-post-image wp-image-1677\" title=\"IM-MANTENIMIENTO\" alt=\"IM-MANTENIMIENTO\" srcset=\"https:\/\/imregionalsas.com.co\/es\/wp-content\/uploads\/2022\/02\/IM-MANTENIMIENTO.jpg 595w, https:\/\/imregionalsas.com.co\/es\/wp-content\/uploads\/2022\/02\/IM-MANTENIMIENTO-300x226.jpg 300w\" sizes=\"(max-width: 595px) 100vw, 595px\" \/>\t\n\t\t<\/div>\n\t<!-- \/image-wrap -->\n    \n    \n<\/div>\n<!-- \/module image -->\t        <\/div>\n\t    \t<\/div>\n\t\t<div  data-lazy=\"1\" class=\"sub_column module_column tf_box col2-1 last tb_gl0y42\"> \n\t    \t    \t        <div class=\"tb-column-inner tf_box tf_w\">\n\t\t    <!-- module text -->\n<div  class=\"module module-text tb_ouru544    wow\" data-tf-animation=\"bounceInRight\" data-lazy=\"1\">\n                <h3 class=\"module-title\">IM\u00a0 MANTENIMIENTO<\/h3>        <div  class=\"tb_text_wrap\">\n    <p>Ofrecemos apoyo en los servicios de Mantenimiento Industrial en maquinas o equipos rotativos y est\u00e1ticos como son:<\/p>    <\/div>\n<\/div>\n<!-- \/module text --><!-- module accordion -->\n<div  class=\"module module-accordion tb_0far821 \" data-behavior=\"toggle\" data-lazy=\"1\">\n        \n    <ul class=\"ui module-accordion separate glossy tb_default_color\">\n\t\t    <li>\n\t\t\t<div class=\"accordion-title tf_rel\">\n\t\t\t\t<a href=\"#acc-0far821-0\" aria-controls=\"acc-0far821-0\" aria-expanded=\"false\">\n\t\t\t\t<i class=\"accordion-icon\"><svg class=\"tf_fa tf-fas-chevron-right\"><use href=\"#tf-fas-chevron-right\"><\/use><\/svg><\/i>\t\t\t\t<i class=\"accordion-active-icon tf_hide\"><svg class=\"tf_fa tf-fas-chevron-left\"><use href=\"#tf-fas-chevron-left\"><\/use><\/svg><\/i>\t\t\t\t<span class=\"tb_title_accordion tf_w\">Mantenimiento Predictivo.<\/span>\n\t\t\t\t<\/a>\n\t\t\t<\/div><!-- .accordion-title -->\n\n\t\t\t<div data-id=\"acc-0far821-0\" aria-hidden=\"true\" class=\"accordion-content tf_hide\">\n\n\t\t\t\t\t\t\t\t\t<div\n\t\t\t\t\t\tclass=\"tb_text_wrap\"\n\t\t\t\t\t\t\t\t\t\t\t>\n\t\t\t\t\t\t<p>T\u00e9cnicas de Monitoreo del Estado de\u00a0M\u00e1quinas y Equipos Rotativos como son:<\/p><ul><li>An\u00e1lisis de vibraciones.<\/li><li>Ultrasonidos.<\/li><li>An\u00e1lisis de Aceites Lubricantes.<\/li><li>An\u00e1lisis de part\u00edculas de desgaste.<\/li><li>Termograf\u00eda.<\/li><\/ul>\t\t\t\t\t<\/div>\n\t\t\t\t\n\t\t\t<\/div><!-- .accordion-content -->\n\t    <\/li>\n\t\t    <li>\n\t\t\t<div class=\"accordion-title tf_rel\">\n\t\t\t\t<a href=\"#acc-0far821-1\" aria-controls=\"acc-0far821-1\" aria-expanded=\"false\">\n\t\t\t\t<i class=\"accordion-icon\"><svg class=\"tf_fa tf-fas-chevron-right\"><use href=\"#tf-fas-chevron-right\"><\/use><\/svg><\/i>\t\t\t\t<i class=\"accordion-active-icon tf_hide\"><svg class=\"tf_fa tf-fas-chevron-left\"><use href=\"#tf-fas-chevron-left\"><\/use><\/svg><\/i>\t\t\t\t<span class=\"tb_title_accordion tf_w\"> Mantenimiento Preventivo.<\/span>\n\t\t\t\t<\/a>\n\t\t\t<\/div><!-- .accordion-title -->\n\n\t\t\t<div data-id=\"acc-0far821-1\" aria-hidden=\"true\" class=\"accordion-content tf_hide\">\n\n\t\t\t\t\t\t\t\t\t<div\n\t\t\t\t\t\tclass=\"tb_text_wrap\"\n\t\t\t\t\t\t\t\t\t\t\t>\n\t\t\t\t\t\t<p>Mantenimiento Preventivo Programado en m\u00e1quinas y equipos rotativos \/ est\u00e1ticos en las \u00e1reas de mec\u00e1nica, el\u00e9ctrica e instrumentos:\u00a0<\/p><ul><li>Buenas Pr\u00e1cticas en MPV.<\/li><li>Cumplimiento al PM \/ cronograma de trabajo.<\/li><li>Inspecciones rutinarias de toma de datos.<\/li><li>Alta confiabilidad \/ prevenir fallas en las m\u00e1quinas y equipos rotativos.<\/li><li>Variable de control de cada equipo o m\u00e1quina.<\/li><li>Servicio de Alineaci\u00f3n Laser entre ejes y poleas.<\/li><li>Lubricaci\u00f3n.<\/li><li>Metrolog\u00eda dimensional.<\/li><li>Sistemas Contra Incendios SCI NFPA 20 (bombas) y NFPA 37 (motores de combusti\u00f3n interna).<\/li><\/ul>\t\t\t\t\t<\/div>\n\t\t\t\t\n\t\t\t<\/div><!-- .accordion-content -->\n\t    <\/li>\n\t\t    <li>\n\t\t\t<div class=\"accordion-title tf_rel\">\n\t\t\t\t<a href=\"#acc-0far821-2\" aria-controls=\"acc-0far821-2\" aria-expanded=\"false\">\n\t\t\t\t<i class=\"accordion-icon\"><svg class=\"tf_fa tf-fas-chevron-right\"><use href=\"#tf-fas-chevron-right\"><\/use><\/svg><\/i>\t\t\t\t<i class=\"accordion-active-icon tf_hide\"><svg class=\"tf_fa tf-fas-chevron-left\"><use href=\"#tf-fas-chevron-left\"><\/use><\/svg><\/i>\t\t\t\t<span class=\"tb_title_accordion tf_w\"> Mantenimiento Modificado.<\/span>\n\t\t\t\t<\/a>\n\t\t\t<\/div><!-- .accordion-title -->\n\n\t\t\t<div data-id=\"acc-0far821-2\" aria-hidden=\"true\" class=\"accordion-content tf_hide\">\n\n\t\t\t\t\t\t\t\t\t<div\n\t\t\t\t\t\tclass=\"tb_text_wrap\"\n\t\t\t\t\t\t\t\t\t\t\t>\n\t\t\t\t\t\t<p>Mantenimiento Modificado en m\u00e1quinas y equipos rotativos \/ est\u00e1ticos en las \u00e1reas de mec\u00e1nica, el\u00e9ctrica e instrumentos:\u00a0<\/p><ul><li>Modificaciones \/ reingenier\u00eda o redise\u00f1o en instalaciones, materiales, equipos o componentes, piezas, lubricaci\u00f3n, energ\u00edas, instrumentaci\u00f3n y control.<\/li><li>Ensayos no destructivos END.<\/li><\/ul>\t\t\t\t\t<\/div>\n\t\t\t\t\n\t\t\t<\/div><!-- .accordion-content -->\n\t    <\/li>\n\t\t    <li>\n\t\t\t<div class=\"accordion-title tf_rel\">\n\t\t\t\t<a href=\"#acc-0far821-3\" aria-controls=\"acc-0far821-3\" aria-expanded=\"false\">\n\t\t\t\t<i class=\"accordion-icon\"><svg class=\"tf_fa tf-fas-chevron-right\"><use href=\"#tf-fas-chevron-right\"><\/use><\/svg><\/i>\t\t\t\t<i class=\"accordion-active-icon tf_hide\"><svg class=\"tf_fa tf-fas-chevron-left\"><use href=\"#tf-fas-chevron-left\"><\/use><\/svg><\/i>\t\t\t\t<span class=\"tb_title_accordion tf_w\">Mantenimiento Aut\u00f3nomo.<\/span>\n\t\t\t\t<\/a>\n\t\t\t<\/div><!-- .accordion-title -->\n\n\t\t\t<div data-id=\"acc-0far821-3\" aria-hidden=\"true\" class=\"accordion-content tf_hide\">\n\n\t\t\t\t\t\t\t\t\t<div\n\t\t\t\t\t\tclass=\"tb_text_wrap\"\n\t\t\t\t\t\t\t\t\t\t\t>\n\t\t\t\t\t\t<p>Mantenimiento Aut\u00f3nomo en procesos o producci\u00f3n:<\/p><ul><li>Inspecci\u00f3n General 360\u00aa.<\/li><li>Inspecci\u00f3n Aut\u00f3noma (listas de chequeo).<\/li><li>Capacitaciones \/ Entrenamiento.<\/li><li>Operaciones.<\/li><li>Metodolog\u00eda 5 S.<\/li><\/ul>\t\t\t\t\t<\/div>\n\t\t\t\t\n\t\t\t<\/div><!-- .accordion-content -->\n\t    <\/li>\n\t\t    <li>\n\t\t\t<div class=\"accordion-title tf_rel\">\n\t\t\t\t<a href=\"#acc-0far821-4\" aria-controls=\"acc-0far821-4\" aria-expanded=\"false\">\n\t\t\t\t<i class=\"accordion-icon\"><svg class=\"tf_fa tf-fas-chevron-right\"><use href=\"#tf-fas-chevron-right\"><\/use><\/svg><\/i>\t\t\t\t<i class=\"accordion-active-icon tf_hide\"><svg class=\"tf_fa tf-fas-chevron-left\"><use href=\"#tf-fas-chevron-left\"><\/use><\/svg><\/i>\t\t\t\t<span class=\"tb_title_accordion tf_w\">Mantenimiento Overhaul o Cero Horas.<\/span>\n\t\t\t\t<\/a>\n\t\t\t<\/div><!-- .accordion-title -->\n\n\t\t\t<div data-id=\"acc-0far821-4\" aria-hidden=\"true\" class=\"accordion-content tf_hide\">\n\n\t\t\t\t\t\t\t\t\t<div\n\t\t\t\t\t\tclass=\"tb_text_wrap\"\n\t\t\t\t\t\t\t\t\t\t\t>\n\t\t\t\t\t\t<p>Mantenimiento Overhaul o Cero Horas en m\u00e1quinas y equipos rotativos y est\u00e1ticos:<\/p><ul><li>Inspecci\u00f3n.<\/li><li>Desarticulaci\u00f3n.<\/li><li>Reparaci\u00f3n.<\/li><li>Ensamble.<\/li><li>Pruebas Funcionales.<\/li><\/ul>\t\t\t\t\t<\/div>\n\t\t\t\t\n\t\t\t<\/div><!-- .accordion-content -->\n\t    <\/li>\n\t\t    <li>\n\t\t\t<div class=\"accordion-title tf_rel\">\n\t\t\t\t<a href=\"#acc-0far821-5\" aria-controls=\"acc-0far821-5\" aria-expanded=\"false\">\n\t\t\t\t<i class=\"accordion-icon\"><svg class=\"tf_fa tf-fas-chevron-right\"><use href=\"#tf-fas-chevron-right\"><\/use><\/svg><\/i>\t\t\t\t<i class=\"accordion-active-icon tf_hide\"><svg class=\"tf_fa tf-fas-chevron-left\"><use href=\"#tf-fas-chevron-left\"><\/use><\/svg><\/i>\t\t\t\t<span class=\"tb_title_accordion tf_w\">Mantenimiento Correctivo (Gesti\u00f3n de Fallas).<\/span>\n\t\t\t\t<\/a>\n\t\t\t<\/div><!-- .accordion-title -->\n\n\t\t\t<div data-id=\"acc-0far821-5\" aria-hidden=\"true\" class=\"accordion-content tf_hide\">\n\n\t\t\t\t\t\t\t\t\t<div\n\t\t\t\t\t\tclass=\"tb_text_wrap\"\n\t\t\t\t\t\t\t\t\t\t\t>\n\t\t\t\t\t\t<p>Gesti\u00f3n de Proceso de Eliminaci\u00f3n Masiva de Fallas (ISO 14224:2006).<\/p><ul><li>Seguimiento a ejecuci\u00f3n, revisi\u00f3n y aprobaci\u00f3n de an\u00e1lisis.<\/li><li>Seguimiento a ejecuci\u00f3n y documentaci\u00f3n de las acciones.<\/li><li>Seguimiento a efectividad de las acciones.<\/li><li>Generaci\u00f3n de reporte mensual de indicadores del proceso.<\/li><li>Grupo Cazafallas.<\/li><\/ul>\t\t\t\t\t<\/div>\n\t\t\t\t\n\t\t\t<\/div><!-- .accordion-content -->\n\t    <\/li>\n\t    <\/ul>\n\n<\/div><!-- \/module accordion -->\t        <\/div>\n\t    \t<\/div>\n\t\t    <\/div>\n\t<\/div><!-- \/themify_builder_sub_row -->\n\t\t<div  data-lazy=\"1\" class=\"module_subrow themify_builder_sub_row tb_kgdf166 tf_w clearfix\">\n\t    \t\t<div class=\"subrow_inner col_align_top tf_box tf_w\">\n\t\t\t<div  data-lazy=\"1\" class=\"sub_column module_column tf_box col-full first tb_lcz1167\"> \n\t    \t    \t<\/div>\n\t\t    <\/div>\n\t<\/div><!-- \/themify_builder_sub_row -->\n\t\t        <\/div>\n\t    \t<\/div>\n\t\t    <\/div>\n\t    <!-- \/row_inner -->\n\t<\/div>\n\t<!-- \/module_row -->\n\t<\/div>\n<!--\/themify_builder_content-->","protected":false},"excerpt":{"rendered":"<p>IM\u00a0 MANTENIMIENTO Ofrecemos apoyo en los servicios de Mantenimiento Industrial en maquinas o equipos rotativos y est\u00e1ticos como son: Mantenimiento Predictivo. T\u00e9cnicas de Monitoreo del Estado de\u00a0M\u00e1quinas y Equipos Rotativos como son: An\u00e1lisis de vibraciones. Ultrasonidos. An\u00e1lisis de Aceites Lubricantes. An\u00e1lisis de part\u00edculas de desgaste. Termograf\u00eda. Mantenimiento Preventivo. Mantenimiento Preventivo Programado en m\u00e1quinas y equipos [&hellip;]<\/p>\n","protected":false},"author":1,"featured_media":0,"parent":62,"menu_order":0,"comment_status":"closed","ping_status":"closed","template":"","meta":[],"_links":{"self":[{"href":"https:\/\/imregionalsas.com.co\/es\/wp-json\/wp\/v2\/pages\/68"}],"collection":[{"href":"https:\/\/imregionalsas.com.co\/es\/wp-json\/wp\/v2\/pages"}],"about":[{"href":"https:\/\/imregionalsas.com.co\/es\/wp-json\/wp\/v2\/types\/page"}],"author":[{"embeddable":true,"href":"https:\/\/imregionalsas.com.co\/es\/wp-json\/wp\/v2\/users\/1"}],"replies":[{"embeddable":true,"href":"https:\/\/imregionalsas.com.co\/es\/wp-json\/wp\/v2\/comments?post=68"}],"version-history":[{"count":24,"href":"https:\/\/imregionalsas.com.co\/es\/wp-json\/wp\/v2\/pages\/68\/revisions"}],"predecessor-version":[{"id":1740,"href":"https:\/\/imregionalsas.com.co\/es\/wp-json\/wp\/v2\/pages\/68\/revisions\/1740"}],"up":[{"embeddable":true,"href":"https:\/\/imregionalsas.com.co\/es\/wp-json\/wp\/v2\/pages\/62"}],"wp:attachment":[{"href":"https:\/\/imregionalsas.com.co\/es\/wp-json\/wp\/v2\/media?parent=68"}],"curies":[{"name":"wp","href":"https:\/\/api.w.org\/{rel}","templated":true}]}}