{"id":65,"date":"2021-12-19T13:04:10","date_gmt":"2021-12-19T13:04:10","guid":{"rendered":"https:\/\/imregionalsas.com.co\/es\/?page_id=65"},"modified":"2022-02-22T23:08:51","modified_gmt":"2022-02-22T23:08:51","slug":"im-ingenieria","status":"publish","type":"page","link":"https:\/\/imregionalsas.com.co\/es\/servicios\/im-ingenieria\/","title":{"rendered":"IM Ingenier\u00eda"},"content":{"rendered":"<!--themify_builder_content-->\n<div id=\"themify_builder_content-65\" data-postid=\"65\" class=\"themify_builder_content themify_builder_content-65 themify_builder tf_clear\">\n    \t<!-- module_row -->\n\t<div  data-lazy=\"1\" class=\"module_row themify_builder_row tb_lr4w5 tb_first clearfix\">\n\t    \t\t<div class=\"row_inner col_align_top tf_box tf_w tf_rel\">\n\t\t\t<div  data-lazy=\"1\" class=\"module_column tb-column col-full first tb_bd1j6 tf_box\">\n\t    \t    \t        <div class=\"tb-column-inner tf_box tf_w\">\n\t\t    <!-- module divider -->\n<div  class=\"module tf_mw module-divider tb_81wi349 solid    hover-wow wow\" data-tf-animation_hover=\"flash\" data-tf-animation=\"bounceInDown\" style=\"border-width: 10px;border-color: #000;margin-top: 25px;\" data-lazy=\"1\">\n        <\/div>\n<!-- \/module divider -->\n\t<div  data-lazy=\"1\" class=\"module_subrow themify_builder_sub_row tb_3m5w713 tf_w clearfix\">\n\t    \t\t<div class=\"subrow_inner col_align_top tf_box tf_w\">\n\t\t\t<div  data-lazy=\"1\" class=\"sub_column module_column tf_box col2-1 first tb_m6hd714\"> \n\t    \t    \t        <div class=\"tb-column-inner tf_box tf_w\">\n\t\t    <!-- module image -->\n<div  class=\"module module-image tb_ccsx145   image-top tf_mw hover-wow wow\" data-tf-animation_hover=\"pulse\" data-tf-animation=\"bounceInLeft\" data-lazy=\"1\">\n            <div class=\"image-wrap tf_rel tf_mw\">\n\t\t    <img loading=\"lazy\" width=\"595\" height=\"448\" src=\"https:\/\/imregionalsas.com.co\/es\/wp-content\/uploads\/2022\/02\/IM-INGENIERIA.jpg\" class=\"wp-post-image wp-image-1671\" title=\"IM-INGENIERIA\" alt=\"IM-INGENIERIA\" srcset=\"https:\/\/imregionalsas.com.co\/es\/wp-content\/uploads\/2022\/02\/IM-INGENIERIA.jpg 595w, https:\/\/imregionalsas.com.co\/es\/wp-content\/uploads\/2022\/02\/IM-INGENIERIA-300x226.jpg 300w\" sizes=\"(max-width: 595px) 100vw, 595px\" \/>\t\n\t\t<\/div>\n\t<!-- \/image-wrap -->\n    \n    \n<\/div>\n<!-- \/module image -->\t        <\/div>\n\t    \t<\/div>\n\t\t<div  data-lazy=\"1\" class=\"sub_column module_column tf_box col2-1 last tb_yrz8714\"> \n\t    \t    \t        <div class=\"tb-column-inner tf_box tf_w\">\n\t\t    <!-- module text -->\n<div  class=\"module module-text tb_g6rg585    wow\" data-tf-animation=\"bounceInRight\" data-lazy=\"1\">\n                <h3 class=\"module-title\">IM INGENIER\u00cdA<\/h3>        <div  class=\"tb_text_wrap\">\n    <p>Apoyamos a nuestros clientes desde:<\/p>    <\/div>\n<\/div>\n<!-- \/module text --><!-- module accordion -->\n<div  class=\"module module-accordion tb_yty574 \" data-behavior=\"toggle\" data-lazy=\"1\">\n        \n    <ul class=\"ui module-accordion separate glossy tb_default_color\">\n\t\t    <li>\n\t\t\t<div class=\"accordion-title tf_rel\">\n\t\t\t\t<a href=\"#acc-yty574-0\" aria-controls=\"acc-yty574-0\" aria-expanded=\"false\">\n\t\t\t\t<i class=\"accordion-icon\"><svg class=\"tf_fa tf-fas-chevron-right\"><use href=\"#tf-fas-chevron-right\"><\/use><\/svg><\/i>\t\t\t\t<i class=\"accordion-active-icon tf_hide\"><svg class=\"tf_fa tf-fas-chevron-left\"><use href=\"#tf-fas-chevron-left\"><\/use><\/svg><\/i>\t\t\t\t<span class=\"tb_title_accordion tf_w\">Gesti\u00f3n de Mantenimiento.<\/span>\n\t\t\t\t<\/a>\n\t\t\t<\/div><!-- .accordion-title -->\n\n\t\t\t<div data-id=\"acc-yty574-0\" aria-hidden=\"true\" class=\"accordion-content tf_hide\">\n\n\t\t\t\t\t\t\t\t\t<div\n\t\t\t\t\t\tclass=\"tb_text_wrap\"\n\t\t\t\t\t\t\t\t\t\t\t>\n\t\t\t\t\t\t<ul><li>Estructuraci\u00f3n de la Gerencia de Mantenimiento.<\/li><\/ul>\t\t\t\t\t<\/div>\n\t\t\t\t\n\t\t\t<\/div><!-- .accordion-content -->\n\t    <\/li>\n\t\t    <li>\n\t\t\t<div class=\"accordion-title tf_rel\">\n\t\t\t\t<a href=\"#acc-yty574-1\" aria-controls=\"acc-yty574-1\" aria-expanded=\"false\">\n\t\t\t\t<i class=\"accordion-icon\"><svg class=\"tf_fa tf-fas-chevron-right\"><use href=\"#tf-fas-chevron-right\"><\/use><\/svg><\/i>\t\t\t\t<i class=\"accordion-active-icon tf_hide\"><svg class=\"tf_fa tf-fas-chevron-left\"><use href=\"#tf-fas-chevron-left\"><\/use><\/svg><\/i>\t\t\t\t<span class=\"tb_title_accordion tf_w\">Dise\u00f1o, Estudios Y Selecci\u00f3n.<\/span>\n\t\t\t\t<\/a>\n\t\t\t<\/div><!-- .accordion-title -->\n\n\t\t\t<div data-id=\"acc-yty574-1\" aria-hidden=\"true\" class=\"accordion-content tf_hide\">\n\n\t\t\t\t\t\t\t\t\t<div\n\t\t\t\t\t\tclass=\"tb_text_wrap\"\n\t\t\t\t\t\t\t\t\t\t\t>\n\t\t\t\t\t\t<ul><li>Maquinas, equipos, componentes, partes o repuestos.<\/li><\/ul>\t\t\t\t\t<\/div>\n\t\t\t\t\n\t\t\t<\/div><!-- .accordion-content -->\n\t    <\/li>\n\t\t    <li>\n\t\t\t<div class=\"accordion-title tf_rel\">\n\t\t\t\t<a href=\"#acc-yty574-2\" aria-controls=\"acc-yty574-2\" aria-expanded=\"false\">\n\t\t\t\t<i class=\"accordion-icon\"><svg class=\"tf_fa tf-fas-chevron-right\"><use href=\"#tf-fas-chevron-right\"><\/use><\/svg><\/i>\t\t\t\t<i class=\"accordion-active-icon tf_hide\"><svg class=\"tf_fa tf-fas-chevron-left\"><use href=\"#tf-fas-chevron-left\"><\/use><\/svg><\/i>\t\t\t\t<span class=\"tb_title_accordion tf_w\">Adquisici\u00f3n, Construcci\u00f3n Y Montaje.<\/span>\n\t\t\t\t<\/a>\n\t\t\t<\/div><!-- .accordion-title -->\n\n\t\t\t<div data-id=\"acc-yty574-2\" aria-hidden=\"true\" class=\"accordion-content tf_hide\">\n\n\t\t\t\t\t\t\t\t\t<div\n\t\t\t\t\t\tclass=\"tb_text_wrap\"\n\t\t\t\t\t\t\t\t\t\t\t>\n\t\t\t\t\t\t<ul><li>Precom y Comisi\u00f3n.<\/li><\/ul>\t\t\t\t\t<\/div>\n\t\t\t\t\n\t\t\t<\/div><!-- .accordion-content -->\n\t    <\/li>\n\t\t    <li>\n\t\t\t<div class=\"accordion-title tf_rel\">\n\t\t\t\t<a href=\"#acc-yty574-3\" aria-controls=\"acc-yty574-3\" aria-expanded=\"false\">\n\t\t\t\t<i class=\"accordion-icon\"><svg class=\"tf_fa tf-fas-chevron-right\"><use href=\"#tf-fas-chevron-right\"><\/use><\/svg><\/i>\t\t\t\t<i class=\"accordion-active-icon tf_hide\"><svg class=\"tf_fa tf-fas-chevron-left\"><use href=\"#tf-fas-chevron-left\"><\/use><\/svg><\/i>\t\t\t\t<span class=\"tb_title_accordion tf_w\">GMAO (Software De Mantenimiento).<\/span>\n\t\t\t\t<\/a>\n\t\t\t<\/div><!-- .accordion-title -->\n\n\t\t\t<div data-id=\"acc-yty574-3\" aria-hidden=\"true\" class=\"accordion-content tf_hide\">\n\n\t\t\t\t\t\t\t\t\t<div\n\t\t\t\t\t\tclass=\"tb_text_wrap\"\n\t\t\t\t\t\t\t\t\t\t\t>\n\t\t\t\t\t\t<ul><li>SAP PM.<\/li><li>Entre otros.<\/li><\/ul>\t\t\t\t\t<\/div>\n\t\t\t\t\n\t\t\t<\/div><!-- .accordion-content -->\n\t    <\/li>\n\t\t    <li>\n\t\t\t<div class=\"accordion-title tf_rel\">\n\t\t\t\t<a href=\"#acc-yty574-4\" aria-controls=\"acc-yty574-4\" aria-expanded=\"false\">\n\t\t\t\t<i class=\"accordion-icon\"><svg class=\"tf_fa tf-fas-chevron-right\"><use href=\"#tf-fas-chevron-right\"><\/use><\/svg><\/i>\t\t\t\t<i class=\"accordion-active-icon tf_hide\"><svg class=\"tf_fa tf-fas-chevron-left\"><use href=\"#tf-fas-chevron-left\"><\/use><\/svg><\/i>\t\t\t\t<span class=\"tb_title_accordion tf_w\">Mantenimiento Centrado en Confiabilidad IEC 60300.<\/span>\n\t\t\t\t<\/a>\n\t\t\t<\/div><!-- .accordion-title -->\n\n\t\t\t<div data-id=\"acc-yty574-4\" aria-hidden=\"true\" class=\"accordion-content tf_hide\">\n\n\t\t\t\t\t\t\t\t\t<div\n\t\t\t\t\t\tclass=\"tb_text_wrap\"\n\t\t\t\t\t\t\t\t\t\t\t>\n\t\t\t\t\t\t<ul><li>Estructuraci\u00f3n jer\u00e1rquica de las m\u00e1quinas y equipos.<\/li><li>Taxonom\u00eda y Fronteras (clasificaci\u00f3n sistem\u00e1tica de \u00edtems).<\/li><li>An\u00e1lisis de Confiabilidad, Disponibilidad y Mantenibilidad (RAM).<\/li><\/ul>\t\t\t\t\t<\/div>\n\t\t\t\t\n\t\t\t<\/div><!-- .accordion-content -->\n\t    <\/li>\n\t\t    <li>\n\t\t\t<div class=\"accordion-title tf_rel\">\n\t\t\t\t<a href=\"#acc-yty574-5\" aria-controls=\"acc-yty574-5\" aria-expanded=\"false\">\n\t\t\t\t<i class=\"accordion-icon\"><svg class=\"tf_fa tf-fas-chevron-right\"><use href=\"#tf-fas-chevron-right\"><\/use><\/svg><\/i>\t\t\t\t<i class=\"accordion-active-icon tf_hide\"><svg class=\"tf_fa tf-fas-chevron-left\"><use href=\"#tf-fas-chevron-left\"><\/use><\/svg><\/i>\t\t\t\t<span class=\"tb_title_accordion tf_w\">Planeaci\u00f3n \/ Programaci\u00f3n \/ Documentaci\u00f3n de Mantenimiento.<\/span>\n\t\t\t\t<\/a>\n\t\t\t<\/div><!-- .accordion-title -->\n\n\t\t\t<div data-id=\"acc-yty574-5\" aria-hidden=\"true\" class=\"accordion-content tf_hide\">\n\n\t\t\t\t\t\t\t\t\t<div\n\t\t\t\t\t\tclass=\"tb_text_wrap\"\n\t\t\t\t\t\t\t\t\t\t\t>\n\t\t\t\t\t\t<ul><li>Elaboraci\u00f3n de Procedimientos \/ Instructivos para MPV en las maquinas o equipos mantenedores.<\/li><\/ul>\t\t\t\t\t<\/div>\n\t\t\t\t\n\t\t\t<\/div><!-- .accordion-content -->\n\t    <\/li>\n\t\t    <li>\n\t\t\t<div class=\"accordion-title tf_rel\">\n\t\t\t\t<a href=\"#acc-yty574-6\" aria-controls=\"acc-yty574-6\" aria-expanded=\"false\">\n\t\t\t\t<i class=\"accordion-icon\"><svg class=\"tf_fa tf-fas-chevron-right\"><use href=\"#tf-fas-chevron-right\"><\/use><\/svg><\/i>\t\t\t\t<i class=\"accordion-active-icon tf_hide\"><svg class=\"tf_fa tf-fas-chevron-left\"><use href=\"#tf-fas-chevron-left\"><\/use><\/svg><\/i>\t\t\t\t<span class=\"tb_title_accordion tf_w\">Optimizaci\u00f3n Del Plan de Mantenimiento PMO.<\/span>\n\t\t\t\t<\/a>\n\t\t\t<\/div><!-- .accordion-title -->\n\n\t\t\t<div data-id=\"acc-yty574-6\" aria-hidden=\"true\" class=\"accordion-content tf_hide\">\n\n\t\t\t\t\t\t\t\t\t<div\n\t\t\t\t\t\tclass=\"tb_text_wrap\"\n\t\t\t\t\t\t\t\t\t\t\t>\n\t\t\t\t\t\t<ul><li><p>Desarrollo y Optimizaci\u00f3n de Planes de Mantenimiento\u00a0 PMO, teniendo en cuenta las condiciones ambientales, requerimientos del Cliente, condiciones operativas y de Mantenibilidad.<\/p><p>Planear \u2013 Programar \u2013 Documentar.<\/p><\/li><\/ul>\t\t\t\t\t<\/div>\n\t\t\t\t\n\t\t\t<\/div><!-- .accordion-content -->\n\t    <\/li>\n\t\t    <li>\n\t\t\t<div class=\"accordion-title tf_rel\">\n\t\t\t\t<a href=\"#acc-yty574-7\" aria-controls=\"acc-yty574-7\" aria-expanded=\"false\">\n\t\t\t\t<i class=\"accordion-icon\"><svg class=\"tf_fa tf-fas-chevron-right\"><use href=\"#tf-fas-chevron-right\"><\/use><\/svg><\/i>\t\t\t\t<i class=\"accordion-active-icon tf_hide\"><svg class=\"tf_fa tf-fas-chevron-left\"><use href=\"#tf-fas-chevron-left\"><\/use><\/svg><\/i>\t\t\t\t<span class=\"tb_title_accordion tf_w\">Mantenimiento Industrial.<\/span>\n\t\t\t\t<\/a>\n\t\t\t<\/div><!-- .accordion-title -->\n\n\t\t\t<div data-id=\"acc-yty574-7\" aria-hidden=\"true\" class=\"accordion-content tf_hide\">\n\n\t\t\t\t\t\t\t\t\t<div\n\t\t\t\t\t\tclass=\"tb_text_wrap\"\n\t\t\t\t\t\t\t\t\t\t\t>\n\t\t\t\t\t\t<ul><li>Elaboraci\u00f3n de Costos de Mantenimiento Industrial \/ Indicadores de productividad de Mantenimiento.<\/li><li>Gesti\u00f3n en Preservaci\u00f3n de M\u00e1quinas y Equipo.<\/li><li><p>Inspecciones Basadas en el Riesgo RBI API RP 580.<\/p><\/li><li><p>Mantenimiento Basado en la Condici\u00f3n CBM.<\/p><\/li><\/ul>\t\t\t\t\t<\/div>\n\t\t\t\t\n\t\t\t<\/div><!-- .accordion-content -->\n\t    <\/li>\n\t    <\/ul>\n\n<\/div><!-- \/module accordion -->\t        <\/div>\n\t    \t<\/div>\n\t\t    <\/div>\n\t<\/div><!-- \/themify_builder_sub_row -->\n\t\t        <\/div>\n\t    \t<\/div>\n\t\t    <\/div>\n\t    <!-- \/row_inner -->\n\t<\/div>\n\t<!-- \/module_row -->\n\t<\/div>\n<!--\/themify_builder_content-->","protected":false},"excerpt":{"rendered":"<p>IM INGENIER\u00cdA Apoyamos a nuestros clientes desde: Gesti\u00f3n de Mantenimiento. Estructuraci\u00f3n de la Gerencia de Mantenimiento. Dise\u00f1o, Estudios Y Selecci\u00f3n. Maquinas, equipos, componentes, partes o repuestos. Adquisici\u00f3n, Construcci\u00f3n Y Montaje. Precom y Comisi\u00f3n. GMAO (Software De Mantenimiento). SAP PM. Entre otros. Mantenimiento Centrado en Confiabilidad IEC 60300. Estructuraci\u00f3n jer\u00e1rquica de las m\u00e1quinas y equipos. Taxonom\u00eda [&hellip;]<\/p>\n","protected":false},"author":1,"featured_media":0,"parent":62,"menu_order":0,"comment_status":"closed","ping_status":"closed","template":"","meta":[],"_links":{"self":[{"href":"https:\/\/imregionalsas.com.co\/es\/wp-json\/wp\/v2\/pages\/65"}],"collection":[{"href":"https:\/\/imregionalsas.com.co\/es\/wp-json\/wp\/v2\/pages"}],"about":[{"href":"https:\/\/imregionalsas.com.co\/es\/wp-json\/wp\/v2\/types\/page"}],"author":[{"embeddable":true,"href":"https:\/\/imregionalsas.com.co\/es\/wp-json\/wp\/v2\/users\/1"}],"replies":[{"embeddable":true,"href":"https:\/\/imregionalsas.com.co\/es\/wp-json\/wp\/v2\/comments?post=65"}],"version-history":[{"count":22,"href":"https:\/\/imregionalsas.com.co\/es\/wp-json\/wp\/v2\/pages\/65\/revisions"}],"predecessor-version":[{"id":1696,"href":"https:\/\/imregionalsas.com.co\/es\/wp-json\/wp\/v2\/pages\/65\/revisions\/1696"}],"up":[{"embeddable":true,"href":"https:\/\/imregionalsas.com.co\/es\/wp-json\/wp\/v2\/pages\/62"}],"wp:attachment":[{"href":"https:\/\/imregionalsas.com.co\/es\/wp-json\/wp\/v2\/media?parent=65"}],"curies":[{"name":"wp","href":"https:\/\/api.w.org\/{rel}","templated":true}]}}