{"id":142,"date":"2021-12-20T16:30:41","date_gmt":"2021-12-20T16:30:41","guid":{"rendered":"https:\/\/imregionalsas.com.co\/es\/?page_id=142"},"modified":"2022-02-16T15:39:15","modified_gmt":"2022-02-16T15:39:15","slug":"mision","status":"publish","type":"page","link":"https:\/\/imregionalsas.com.co\/es\/sobre-nosotros\/mision\/","title":{"rendered":"Misi\u00f3n"},"content":{"rendered":"<!--themify_builder_content-->\n<div id=\"themify_builder_content-142\" data-postid=\"142\" class=\"themify_builder_content themify_builder_content-142 themify_builder tf_clear\">\n    \t<!-- module_row -->\n\t<div  data-lazy=\"1\" class=\"module_row themify_builder_row tb_3oej921 tb_first clearfix\" >\n\t    \t\t<div class=\"row_inner col_align_top tf_box tf_w tf_rel\">\n\t\t\t<div  data-lazy=\"1\" class=\"module_column tb-column col-full first tb_sa1v929 tf_box\">\n\t    \t    \t        <div class=\"tb-column-inner tf_box tf_w\">\n\t\t    \t<div  data-lazy=\"1\" class=\"module_subrow themify_builder_sub_row tb_go2c225 tf_w clearfix\">\n\t    \t\t<div class=\"subrow_inner col_align_top tf_box tf_w\">\n\t\t\t<div  data-lazy=\"1\" class=\"sub_column module_column tf_box col2-1 first tb_m16w229\" > \n\t    \t    \t        <div class=\"tb-column-inner tf_box tf_w\">\n\t\t    <!-- module image -->\n<div  class=\"module module-image tb_gx5i275   image-top tf_mw wow\" data-tf-animation=\"bounceInLeft\" data-lazy=\"1\">\n            <div class=\"image-wrap tf_rel tf_mw\">\n\t\t    <img loading=\"lazy\" width=\"1360\" height=\"700\" src=\"https:\/\/imregionalsas.com.co\/es\/wp-content\/uploads\/2022\/02\/Mision.jpg\" class=\"wp-post-image wp-image-998\" title=\"Misi\u00f3n\" alt=\"Misi\u00f3n\" srcset=\"https:\/\/imregionalsas.com.co\/es\/wp-content\/uploads\/2022\/02\/Mision.jpg 1360w, https:\/\/imregionalsas.com.co\/es\/wp-content\/uploads\/2022\/02\/Mision-300x154.jpg 300w, https:\/\/imregionalsas.com.co\/es\/wp-content\/uploads\/2022\/02\/Mision-1024x527.jpg 1024w, https:\/\/imregionalsas.com.co\/es\/wp-content\/uploads\/2022\/02\/Mision-768x395.jpg 768w\" sizes=\"(max-width: 1360px) 100vw, 1360px\" \/>\t\n\t\t<\/div>\n\t<!-- \/image-wrap -->\n    \n    \n<\/div>\n<!-- \/module image -->\t        <\/div>\n\t    \t<\/div>\n\t\t<div  data-lazy=\"1\" class=\"sub_column module_column tf_box col2-1 last tb_7fsg230\"> \n\t    \t    \t        <div class=\"tb-column-inner tf_box tf_w\">\n\t\t    <!-- module text -->\n<div  class=\"module module-text tb_fdx2499    wow\" data-tf-animation=\"bounceInRight\" data-lazy=\"1\">\n                <h3 class=\"module-title\">MISI\u00d3N<\/h3>        <div  class=\"tb_text_wrap\">\n    <p>Es una Multiempresa de Ingenier\u00eda aplicada al Mantenimiento Integral de los Activos o \u00cdtems de los Clientes.<\/p>    <\/div>\n<\/div>\n<!-- \/module text -->\t        <\/div>\n\t    \t<\/div>\n\t\t    <\/div>\n\t<\/div><!-- \/themify_builder_sub_row -->\n\t\t        <\/div>\n\t    \t<\/div>\n\t\t    <\/div>\n\t    <!-- \/row_inner -->\n\t<\/div>\n\t<!-- \/module_row -->\n\t<\/div>\n<!--\/themify_builder_content-->","protected":false},"excerpt":{"rendered":"<p>MISI\u00d3N Es una Multiempresa de Ingenier\u00eda aplicada al Mantenimiento Integral de los Activos o \u00cdtems de los Clientes.<\/p>\n","protected":false},"author":1,"featured_media":0,"parent":87,"menu_order":0,"comment_status":"closed","ping_status":"closed","template":"","meta":[],"_links":{"self":[{"href":"https:\/\/imregionalsas.com.co\/es\/wp-json\/wp\/v2\/pages\/142"}],"collection":[{"href":"https:\/\/imregionalsas.com.co\/es\/wp-json\/wp\/v2\/pages"}],"about":[{"href":"https:\/\/imregionalsas.com.co\/es\/wp-json\/wp\/v2\/types\/page"}],"author":[{"embeddable":true,"href":"https:\/\/imregionalsas.com.co\/es\/wp-json\/wp\/v2\/users\/1"}],"replies":[{"embeddable":true,"href":"https:\/\/imregionalsas.com.co\/es\/wp-json\/wp\/v2\/comments?post=142"}],"version-history":[{"count":11,"href":"https:\/\/imregionalsas.com.co\/es\/wp-json\/wp\/v2\/pages\/142\/revisions"}],"predecessor-version":[{"id":1496,"href":"https:\/\/imregionalsas.com.co\/es\/wp-json\/wp\/v2\/pages\/142\/revisions\/1496"}],"up":[{"embeddable":true,"href":"https:\/\/imregionalsas.com.co\/es\/wp-json\/wp\/v2\/pages\/87"}],"wp:attachment":[{"href":"https:\/\/imregionalsas.com.co\/es\/wp-json\/wp\/v2\/media?parent=142"}],"curies":[{"name":"wp","href":"https:\/\/api.w.org\/{rel}","templated":true}]}}